{"id":1544,"date":"2020-11-27T05:42:59","date_gmt":"2020-11-27T05:42:59","guid":{"rendered":"https:\/\/www.foshfoodathome.com\/wp\/product\/flor-de-pingus-2016\/"},"modified":"2025-11-22T05:31:55","modified_gmt":"2025-11-22T05:31:55","slug":"flor-de-pingus-2016","status":"publish","type":"product","link":"https:\/\/www.foshfoodathome.com\/wp\/product\/flor-de-pingus-2016\/?lang=es","title":{"rendered":"FLOR DE PINGUS 2022"},"content":{"rendered":"","protected":false},"excerpt":{"rendered":"<h3>D.O. Ribera del Duero<\/h3>\n<p><em>Bodega Dominio de Pingus<\/em><\/p>\n<p>\nTinto Fino<\/p>\n<p>\n<strong>Flor de Pingus 2022<\/strong> es un vino tinto que destaca por su gran precisi\u00f3n y alta frescura. Este vino, elaborado por la bodega Dominio de Pingus, se elabora con uvas seleccionadas de vi\u00f1edos ecol\u00f3gicos en La Horra, Burgos. La vendimia es manual y se realiza en tinos de roble nuevo.<br \/>\nSu color es cereza intenso y su aroma es muy fina y perfumada, con notas de fruta roja y negra, hierbas secas y tiza. En boca, presenta taninos crujientes de terciopelo y un final mineral, calc\u00e1reo<\/p>\n","protected":false},"featured_media":2671,"template":"","meta":{"_acf_changed":false},"product_brand":[],"product_cat":[82],"product_tag":[],"class_list":{"0":"post-1544","1":"product","2":"type-product","3":"status-publish","4":"has-post-thumbnail","6":"product_cat-wines","8":"first","9":"instock","10":"shipping-taxable","11":"purchasable","12":"product-type-simple"},"acf":[],"_links":{"self":[{"href":"https:\/\/www.foshfoodathome.com\/wp\/wp-json\/wp\/v2\/product\/1544","targetHints":{"allow":["GET"]}}],"collection":[{"href":"https:\/\/www.foshfoodathome.com\/wp\/wp-json\/wp\/v2\/product"}],"about":[{"href":"https:\/\/www.foshfoodathome.com\/wp\/wp-json\/wp\/v2\/types\/product"}],"wp:featuredmedia":[{"embeddable":true,"href":"https:\/\/www.foshfoodathome.com\/wp\/wp-json\/wp\/v2\/media\/2671"}],"wp:attachment":[{"href":"https:\/\/www.foshfoodathome.com\/wp\/wp-json\/wp\/v2\/media?parent=1544"}],"wp:term":[{"taxonomy":"product_brand","embeddable":true,"href":"https:\/\/www.foshfoodathome.com\/wp\/wp-json\/wp\/v2\/product_brand?post=1544"},{"taxonomy":"product_cat","embeddable":true,"href":"https:\/\/www.foshfoodathome.com\/wp\/wp-json\/wp\/v2\/product_cat?post=1544"},{"taxonomy":"product_tag","embeddable":true,"href":"https:\/\/www.foshfoodathome.com\/wp\/wp-json\/wp\/v2\/product_tag?post=1544"}],"curies":[{"name":"wp","href":"https:\/\/api.w.org\/{rel}","templated":true}]}}