{"id":1576,"date":"2020-11-27T07:01:26","date_gmt":"2020-11-27T07:01:26","guid":{"rendered":"https:\/\/www.foshfoodathome.com\/wp\/product\/dom-perignon-2008\/"},"modified":"2025-11-22T07:39:08","modified_gmt":"2025-11-22T07:39:08","slug":"dom-perignon-2008","status":"publish","type":"product","link":"https:\/\/www.foshfoodathome.com\/wp\/product\/dom-perignon-2008\/?lang=de","title":{"rendered":"DOM P\u00c9RIGNON 2013"},"content":{"rendered":"","protected":false},"excerpt":{"rendered":"<h3>A.O.C. Champagne<\/h3>\n<p>Pinot Noir, Chardonnay<\/p>\n<p>\nDom P\u00e9rignon, der Champagner, der 1936 vom Mo\u00ebt &amp; Chandon-Haus als Hommage an die emblematische Figur der Weine dieser Region kreiert wurde, ist die ber\u00fchmteste &#8220;prestigetr\u00e4chtige&#8221; Cuv\u00e9e der Welt. Tradition und Perfektion treffen sich in diesem Champagner, der die Eleganz und Lebendigkeit von Chardonnay mit dem Charakter und der Ausdauer von Pinot Noir verbindet.<\/p>\n","protected":false},"featured_media":2688,"template":"","meta":{"_acf_changed":false},"product_brand":[],"product_cat":[82],"product_tag":[],"class_list":{"0":"post-1576","1":"product","2":"type-product","3":"status-publish","4":"has-post-thumbnail","6":"product_cat-wines","8":"first","9":"instock","10":"shipping-taxable","11":"purchasable","12":"product-type-simple"},"acf":[],"_links":{"self":[{"href":"https:\/\/www.foshfoodathome.com\/wp\/wp-json\/wp\/v2\/product\/1576","targetHints":{"allow":["GET"]}}],"collection":[{"href":"https:\/\/www.foshfoodathome.com\/wp\/wp-json\/wp\/v2\/product"}],"about":[{"href":"https:\/\/www.foshfoodathome.com\/wp\/wp-json\/wp\/v2\/types\/product"}],"wp:featuredmedia":[{"embeddable":true,"href":"https:\/\/www.foshfoodathome.com\/wp\/wp-json\/wp\/v2\/media\/2688"}],"wp:attachment":[{"href":"https:\/\/www.foshfoodathome.com\/wp\/wp-json\/wp\/v2\/media?parent=1576"}],"wp:term":[{"taxonomy":"product_brand","embeddable":true,"href":"https:\/\/www.foshfoodathome.com\/wp\/wp-json\/wp\/v2\/product_brand?post=1576"},{"taxonomy":"product_cat","embeddable":true,"href":"https:\/\/www.foshfoodathome.com\/wp\/wp-json\/wp\/v2\/product_cat?post=1576"},{"taxonomy":"product_tag","embeddable":true,"href":"https:\/\/www.foshfoodathome.com\/wp\/wp-json\/wp\/v2\/product_tag?post=1576"}],"curies":[{"name":"wp","href":"https:\/\/api.w.org\/{rel}","templated":true}]}}