{"id":1577,"date":"2020-11-27T07:01:26","date_gmt":"2020-11-27T07:01:26","guid":{"rendered":"https:\/\/www.foshfoodathome.com\/wp\/product\/dom-perignon-2008\/"},"modified":"2025-11-22T07:38:46","modified_gmt":"2025-11-22T07:38:46","slug":"dom-perignon-2008","status":"publish","type":"product","link":"https:\/\/www.foshfoodathome.com\/wp\/product\/dom-perignon-2008\/?lang=es","title":{"rendered":"DOM P\u00c9RIGNON 2013"},"content":{"rendered":"","protected":false},"excerpt":{"rendered":"<h3>A.O.C. Champagne<\/h3>\n<p>Pinot Noir, Chardonnay<\/p>\n<p>\nDom P\u00e9rignon, el Champagne creado en 1936 por la casa Mo\u00ebt &amp; Chandon como homenaje a la figura emblem\u00e1tica de los vinos de esta zona, es la cuv\u00e9e \u00abde prestigio\u00bb m\u00e1s c\u00e9lebre del mundo. Tradici\u00f3n y perfecci\u00f3n se encuentran en este Champagne que combina la elegancia y la vivacidad de la Chardonnay con el car\u00e1cter y la persistencia de la Pinot Noir.<\/p>\n","protected":false},"featured_media":2689,"template":"","meta":{"_acf_changed":false},"product_brand":[],"product_cat":[82],"product_tag":[],"class_list":{"0":"post-1577","1":"product","2":"type-product","3":"status-publish","4":"has-post-thumbnail","6":"product_cat-wines","8":"first","9":"instock","10":"shipping-taxable","11":"purchasable","12":"product-type-simple"},"acf":[],"_links":{"self":[{"href":"https:\/\/www.foshfoodathome.com\/wp\/wp-json\/wp\/v2\/product\/1577","targetHints":{"allow":["GET"]}}],"collection":[{"href":"https:\/\/www.foshfoodathome.com\/wp\/wp-json\/wp\/v2\/product"}],"about":[{"href":"https:\/\/www.foshfoodathome.com\/wp\/wp-json\/wp\/v2\/types\/product"}],"wp:featuredmedia":[{"embeddable":true,"href":"https:\/\/www.foshfoodathome.com\/wp\/wp-json\/wp\/v2\/media\/2689"}],"wp:attachment":[{"href":"https:\/\/www.foshfoodathome.com\/wp\/wp-json\/wp\/v2\/media?parent=1577"}],"wp:term":[{"taxonomy":"product_brand","embeddable":true,"href":"https:\/\/www.foshfoodathome.com\/wp\/wp-json\/wp\/v2\/product_brand?post=1577"},{"taxonomy":"product_cat","embeddable":true,"href":"https:\/\/www.foshfoodathome.com\/wp\/wp-json\/wp\/v2\/product_cat?post=1577"},{"taxonomy":"product_tag","embeddable":true,"href":"https:\/\/www.foshfoodathome.com\/wp\/wp-json\/wp\/v2\/product_tag?post=1577"}],"curies":[{"name":"wp","href":"https:\/\/api.w.org\/{rel}","templated":true}]}}