{"id":1696,"date":"2020-12-10T11:55:33","date_gmt":"2020-12-10T11:55:33","guid":{"rendered":"https:\/\/www.foshfoodathome.com\/wp\/product\/chickpea-hummus-with-saffron\/"},"modified":"2020-12-10T11:56:28","modified_gmt":"2020-12-10T11:56:28","slug":"chickpea-hummus-with-saffron","status":"publish","type":"product","link":"https:\/\/www.foshfoodathome.com\/wp\/product\/chickpea-hummus-with-saffron\/?lang=es","title":{"rendered":"Hummus de garbanzos con azafr\u00e1n"},"content":{"rendered":"","protected":false},"excerpt":{"rendered":"<p>El plato de garbanzos m\u00e1s famoso es, sin duda, el hummus b\u2019tahini (&#8220;hummus&#8221; simplemente significa &#8220;garbanzos&#8221; en \u00e1rabe). Consiste en garbanzos, tahini (pasta de s\u00e9samo), ajo, aceite de oliva y lim\u00f3n, y es amado en todo el mundo.  <\/P><\/p>\n<h3>Ingredientes: <\/h3>\n<p>Garbanzos cocidos, dientes de ajo, jugo de lim\u00f3n, comino molido, tahini, agua, aceite de oliva, piment\u00f3n, pimienta de cayena, azafr\u00e1n, sal marina.<\/p>\n","protected":false},"featured_media":1694,"template":"","meta":{"_acf_changed":false},"product_brand":[],"product_cat":[22],"product_tag":[],"class_list":{"0":"post-1696","1":"product","2":"type-product","3":"status-publish","4":"has-post-thumbnail","6":"product_cat-menu","8":"first","9":"instock","10":"shipping-taxable","11":"purchasable","12":"product-type-simple"},"acf":[],"_links":{"self":[{"href":"https:\/\/www.foshfoodathome.com\/wp\/wp-json\/wp\/v2\/product\/1696","targetHints":{"allow":["GET"]}}],"collection":[{"href":"https:\/\/www.foshfoodathome.com\/wp\/wp-json\/wp\/v2\/product"}],"about":[{"href":"https:\/\/www.foshfoodathome.com\/wp\/wp-json\/wp\/v2\/types\/product"}],"wp:featuredmedia":[{"embeddable":true,"href":"https:\/\/www.foshfoodathome.com\/wp\/wp-json\/wp\/v2\/media\/1694"}],"wp:attachment":[{"href":"https:\/\/www.foshfoodathome.com\/wp\/wp-json\/wp\/v2\/media?parent=1696"}],"wp:term":[{"taxonomy":"product_brand","embeddable":true,"href":"https:\/\/www.foshfoodathome.com\/wp\/wp-json\/wp\/v2\/product_brand?post=1696"},{"taxonomy":"product_cat","embeddable":true,"href":"https:\/\/www.foshfoodathome.com\/wp\/wp-json\/wp\/v2\/product_cat?post=1696"},{"taxonomy":"product_tag","embeddable":true,"href":"https:\/\/www.foshfoodathome.com\/wp\/wp-json\/wp\/v2\/product_tag?post=1696"}],"curies":[{"name":"wp","href":"https:\/\/api.w.org\/{rel}","templated":true}]}}