{"id":2489,"date":"2025-10-10T16:49:07","date_gmt":"2025-10-10T16:49:07","guid":{"rendered":"https:\/\/www.foshfoodathome.com\/wp\/?post_type=product&#038;p=2489"},"modified":"2025-11-22T07:33:06","modified_gmt":"2025-11-22T07:33:06","slug":"raventos-i-blanc-de-nit-rose-2023","status":"publish","type":"product","link":"https:\/\/www.foshfoodathome.com\/wp\/product\/raventos-i-blanc-de-nit-rose-2023\/?lang=es","title":{"rendered":"RAVENT\u00d3S I BLANC DE NIT ROS\u00c9 2023"},"content":{"rendered":"","protected":false},"excerpt":{"rendered":"<h3>D.O. Conca del Riu Anoia<\/h3>\n<p>Macabeo, Xarel-lo, Parellada, Monastrell<\/p>\n<p>\n<strong>Ravent\u00f3s i Blanc de Nit 2023<\/strong> deslumbra con su color ros\u00e1ceo p\u00e1lido y burbuja fina, prometiendo desde el primer vistazo una experiencia elegante. En nariz, cautiva con aromas c\u00edtricos y toques de manzana verde que evocan frescura. . Es un espumoso que destaca por su complejidad y delicadeza, perfecto para quienes buscan un vino sofisticado con una personalidad bien definida. La cosecha 2023 fue particularmente buena, lo que se refleja en su vibrante frescura y elegancia.<\/p>\n","protected":false},"featured_media":2488,"template":"","meta":{"_acf_changed":false},"product_brand":[],"product_cat":[82],"product_tag":[],"class_list":{"0":"post-2489","1":"product","2":"type-product","3":"status-publish","4":"has-post-thumbnail","6":"product_cat-wines","8":"first","9":"instock","10":"shipping-taxable","11":"purchasable","12":"product-type-simple"},"acf":[],"_links":{"self":[{"href":"https:\/\/www.foshfoodathome.com\/wp\/wp-json\/wp\/v2\/product\/2489","targetHints":{"allow":["GET"]}}],"collection":[{"href":"https:\/\/www.foshfoodathome.com\/wp\/wp-json\/wp\/v2\/product"}],"about":[{"href":"https:\/\/www.foshfoodathome.com\/wp\/wp-json\/wp\/v2\/types\/product"}],"wp:featuredmedia":[{"embeddable":true,"href":"https:\/\/www.foshfoodathome.com\/wp\/wp-json\/wp\/v2\/media\/2488"}],"wp:attachment":[{"href":"https:\/\/www.foshfoodathome.com\/wp\/wp-json\/wp\/v2\/media?parent=2489"}],"wp:term":[{"taxonomy":"product_brand","embeddable":true,"href":"https:\/\/www.foshfoodathome.com\/wp\/wp-json\/wp\/v2\/product_brand?post=2489"},{"taxonomy":"product_cat","embeddable":true,"href":"https:\/\/www.foshfoodathome.com\/wp\/wp-json\/wp\/v2\/product_cat?post=2489"},{"taxonomy":"product_tag","embeddable":true,"href":"https:\/\/www.foshfoodathome.com\/wp\/wp-json\/wp\/v2\/product_tag?post=2489"}],"curies":[{"name":"wp","href":"https:\/\/api.w.org\/{rel}","templated":true}]}}