{"id":2540,"date":"2025-10-13T05:39:38","date_gmt":"2025-10-13T05:39:38","guid":{"rendered":"https:\/\/www.foshfoodathome.com\/wp\/?post_type=product&#038;p=2540"},"modified":"2025-11-22T05:39:56","modified_gmt":"2025-11-22T05:39:56","slug":"el-jardin-de-lucia-2024","status":"publish","type":"product","link":"https:\/\/www.foshfoodathome.com\/wp\/product\/el-jardin-de-lucia-2024\/","title":{"rendered":"EL JARDIN DE LUCIA 2024"},"content":{"rendered":"","protected":false},"excerpt":{"rendered":"<h3>D.O. Rias Baixas<\/h3>\n<p><em>Bodegas Zarate<\/em><\/p>\n<p>\nAlbari\u00f1o\n<\/p>\n<p>\n<strong>El Jard\u00edn de Luc\u00eda<\/strong> is a joint project between Uvas Felices and winemaker Eulogio Pomares Z\u00e1rate in R\u00edas Baixas. The wine is made from a selection of Albari\u00f1o grapes from the smallholdings of 20 winegrowers in the Val do Saln\u00e9s subregion.<br \/>\nFragrant and seductive, with intense aromas of apple, pear, peach, and ripe pineapple on a background of boxwood, white flowers, and subtle aniseed notes.<\/p>\n","protected":false},"featured_media":2541,"template":"","meta":{"_acf_changed":false},"product_brand":[],"product_cat":[82],"product_tag":[],"class_list":{"0":"post-2540","1":"product","2":"type-product","3":"status-publish","4":"has-post-thumbnail","6":"product_cat-wines","8":"first","9":"instock","10":"shipping-taxable","11":"purchasable","12":"product-type-simple"},"acf":[],"_links":{"self":[{"href":"https:\/\/www.foshfoodathome.com\/wp\/wp-json\/wp\/v2\/product\/2540","targetHints":{"allow":["GET"]}}],"collection":[{"href":"https:\/\/www.foshfoodathome.com\/wp\/wp-json\/wp\/v2\/product"}],"about":[{"href":"https:\/\/www.foshfoodathome.com\/wp\/wp-json\/wp\/v2\/types\/product"}],"wp:featuredmedia":[{"embeddable":true,"href":"https:\/\/www.foshfoodathome.com\/wp\/wp-json\/wp\/v2\/media\/2541"}],"wp:attachment":[{"href":"https:\/\/www.foshfoodathome.com\/wp\/wp-json\/wp\/v2\/media?parent=2540"}],"wp:term":[{"taxonomy":"product_brand","embeddable":true,"href":"https:\/\/www.foshfoodathome.com\/wp\/wp-json\/wp\/v2\/product_brand?post=2540"},{"taxonomy":"product_cat","embeddable":true,"href":"https:\/\/www.foshfoodathome.com\/wp\/wp-json\/wp\/v2\/product_cat?post=2540"},{"taxonomy":"product_tag","embeddable":true,"href":"https:\/\/www.foshfoodathome.com\/wp\/wp-json\/wp\/v2\/product_tag?post=2540"}],"curies":[{"name":"wp","href":"https:\/\/api.w.org\/{rel}","templated":true}]}}