{"id":2598,"date":"2025-10-13T06:57:55","date_gmt":"2025-10-13T06:57:55","guid":{"rendered":"https:\/\/www.foshfoodathome.com\/wp\/?post_type=product&#038;p=2598"},"modified":"2025-11-22T05:29:46","modified_gmt":"2025-11-22T05:29:46","slug":"la-nieta-2022","status":"publish","type":"product","link":"https:\/\/www.foshfoodathome.com\/wp\/product\/la-nieta-2022\/?lang=es","title":{"rendered":"LA NIETA 2022"},"content":{"rendered":"","protected":false},"excerpt":{"rendered":"<h3>D.O. Ca Rioja<\/h3>\n<p><em>Vi\u00f1edos de Paganos<\/em><\/p>\n<p>\nTempranillo<\/p>\n<p>\nVi\u00f1edos de P\u00e1ganos, bodega fundada en 1998 por la quinta generaci\u00f3n de la familia vitivin\u00edcola Eguren, elaboran Vi\u00f1edos de P\u00e1ganos La Nieta, una peque\u00f1a joya procedente de una parcela de tan solo 1,75 hect\u00e1reas ubicada en la D.O.Ca Rioja y que bautizada con el mismo nombre, es la ni\u00f1a bonita de la casa.<br \/>\n<strong>La Nieta 2022<\/strong> es un vino tinto concentrado con refinados aromas de fruta roja madura entremezclado con notas de madera noble y recuerdos especiados. En boca es voluminoso, intenso y equilibrado. Un vino de entrada amplia con taninos finos y acidez integrada. El final es largo y muy agradable.<\/p>\n","protected":false},"featured_media":2597,"template":"","meta":{"_acf_changed":false},"product_brand":[],"product_cat":[82],"product_tag":[],"class_list":{"0":"post-2598","1":"product","2":"type-product","3":"status-publish","4":"has-post-thumbnail","6":"product_cat-wines","8":"first","9":"instock","10":"shipping-taxable","11":"purchasable","12":"product-type-simple"},"acf":[],"_links":{"self":[{"href":"https:\/\/www.foshfoodathome.com\/wp\/wp-json\/wp\/v2\/product\/2598","targetHints":{"allow":["GET"]}}],"collection":[{"href":"https:\/\/www.foshfoodathome.com\/wp\/wp-json\/wp\/v2\/product"}],"about":[{"href":"https:\/\/www.foshfoodathome.com\/wp\/wp-json\/wp\/v2\/types\/product"}],"wp:featuredmedia":[{"embeddable":true,"href":"https:\/\/www.foshfoodathome.com\/wp\/wp-json\/wp\/v2\/media\/2597"}],"wp:attachment":[{"href":"https:\/\/www.foshfoodathome.com\/wp\/wp-json\/wp\/v2\/media?parent=2598"}],"wp:term":[{"taxonomy":"product_brand","embeddable":true,"href":"https:\/\/www.foshfoodathome.com\/wp\/wp-json\/wp\/v2\/product_brand?post=2598"},{"taxonomy":"product_cat","embeddable":true,"href":"https:\/\/www.foshfoodathome.com\/wp\/wp-json\/wp\/v2\/product_cat?post=2598"},{"taxonomy":"product_tag","embeddable":true,"href":"https:\/\/www.foshfoodathome.com\/wp\/wp-json\/wp\/v2\/product_tag?post=2598"}],"curies":[{"name":"wp","href":"https:\/\/api.w.org\/{rel}","templated":true}]}}