{"id":720,"date":"2020-09-23T14:52:37","date_gmt":"2020-09-23T14:52:37","guid":{"rendered":"https:\/\/www.foshfoodathome.com\/wp\/?post_type=product&#038;p=720"},"modified":"2021-02-10T13:38:07","modified_gmt":"2021-02-10T13:38:07","slug":"estofado-de-cordero-con-especias-mediterraneas-con-albaricoques-y-cilantro","status":"publish","type":"product","link":"https:\/\/www.foshfoodathome.com\/wp\/product\/estofado-de-cordero-con-especias-mediterraneas-con-albaricoques-y-cilantro\/?lang=es","title":{"rendered":"Estofado de cordero con especias Mediterr\u00e1neas, albaricoque y cilantro \u00b7 Para 2 personas"},"content":{"rendered":"","protected":false},"excerpt":{"rendered":"<p>Esta receta es de nuestro nuevo libro de cocina: Mediterr\u00e1neo moderno: recetas ba\u00f1adas por el sol de Mallorca y m\u00e1s all\u00e1.<br \/>\nUn delicioso cordero con especias mediterr\u00e1neas perfumado con una combinaci\u00f3n ex\u00f3tica y tentadora de canela, cardamomo, cilantro y comino &#8230; se trata de sencillez y de elegir buenos ingredientes. <\/p>\n<h3> Ingredientes: <\/h3>\n<p> Paletilla de cordero, comino molido, piment\u00f3n dulce, pimienta de cayena, aceite de oliva, cebollas, zanahorias, dientes de ajo, azafr\u00e1n, caldo de pollo (caldo), tomates picados, orejones, en rodajas, lim\u00f3n en conserva, cilantro fresco, sal marina y pimienta negra reci\u00e9n molida <\/p>\n<p><\/p>\n<h3>Almacenamiento:<\/h3>\n<p>Conservar en el frigor\u00edfico y consumir en los 2-3 d\u00edas posteriores a la fecha de entrega. Una vez abierto consumir en 2 d\u00edas.<\/p>\n","protected":false},"featured_media":663,"template":"","meta":{"_acf_changed":false},"product_brand":[],"product_cat":[22],"product_tag":[],"class_list":{"0":"post-720","1":"product","2":"type-product","3":"status-publish","4":"has-post-thumbnail","6":"product_cat-menu","8":"first","9":"instock","10":"shipping-taxable","11":"purchasable","12":"product-type-simple"},"acf":[],"_links":{"self":[{"href":"https:\/\/www.foshfoodathome.com\/wp\/wp-json\/wp\/v2\/product\/720","targetHints":{"allow":["GET"]}}],"collection":[{"href":"https:\/\/www.foshfoodathome.com\/wp\/wp-json\/wp\/v2\/product"}],"about":[{"href":"https:\/\/www.foshfoodathome.com\/wp\/wp-json\/wp\/v2\/types\/product"}],"wp:featuredmedia":[{"embeddable":true,"href":"https:\/\/www.foshfoodathome.com\/wp\/wp-json\/wp\/v2\/media\/663"}],"wp:attachment":[{"href":"https:\/\/www.foshfoodathome.com\/wp\/wp-json\/wp\/v2\/media?parent=720"}],"wp:term":[{"taxonomy":"product_brand","embeddable":true,"href":"https:\/\/www.foshfoodathome.com\/wp\/wp-json\/wp\/v2\/product_brand?post=720"},{"taxonomy":"product_cat","embeddable":true,"href":"https:\/\/www.foshfoodathome.com\/wp\/wp-json\/wp\/v2\/product_cat?post=720"},{"taxonomy":"product_tag","embeddable":true,"href":"https:\/\/www.foshfoodathome.com\/wp\/wp-json\/wp\/v2\/product_tag?post=720"}],"curies":[{"name":"wp","href":"https:\/\/api.w.org\/{rel}","templated":true}]}}