{"id":733,"date":"2020-09-22T09:20:07","date_gmt":"2020-09-22T09:20:07","guid":{"rendered":"https:\/\/www.foshfoodathome.com\/wp\/?post_type=product&#038;p=733"},"modified":"2020-09-28T15:19:31","modified_gmt":"2020-09-28T15:19:31","slug":"fosh-venere-rice","status":"publish","type":"product","link":"https:\/\/www.foshfoodathome.com\/wp\/product\/fosh-venere-rice\/?lang=de","title":{"rendered":"Fosh Venere Reis"},"content":{"rendered":"","protected":false},"excerpt":{"rendered":"<p>FOSH Venere-Reis hat einen vollen Geschmack mit einem exotischen Aroma und einer wunderbaren Textur, die lange nach dem Kochen h\u00e4lt. Mit seiner atemberaubenden Ebenholzfarbe ist es der perfekte Partner f\u00fcr Wei\u00dffisch, Schalentiere, H\u00fchnchen und Wild. <\/p>\n","protected":false},"featured_media":712,"template":"","meta":{"_acf_changed":false},"product_brand":[],"product_cat":[23],"product_tag":[],"class_list":{"0":"post-733","1":"product","2":"type-product","3":"status-publish","4":"has-post-thumbnail","6":"product_cat-shop","8":"first","9":"instock","10":"shipping-taxable","11":"purchasable","12":"product-type-simple"},"acf":[],"_links":{"self":[{"href":"https:\/\/www.foshfoodathome.com\/wp\/wp-json\/wp\/v2\/product\/733","targetHints":{"allow":["GET"]}}],"collection":[{"href":"https:\/\/www.foshfoodathome.com\/wp\/wp-json\/wp\/v2\/product"}],"about":[{"href":"https:\/\/www.foshfoodathome.com\/wp\/wp-json\/wp\/v2\/types\/product"}],"wp:featuredmedia":[{"embeddable":true,"href":"https:\/\/www.foshfoodathome.com\/wp\/wp-json\/wp\/v2\/media\/712"}],"wp:attachment":[{"href":"https:\/\/www.foshfoodathome.com\/wp\/wp-json\/wp\/v2\/media?parent=733"}],"wp:term":[{"taxonomy":"product_brand","embeddable":true,"href":"https:\/\/www.foshfoodathome.com\/wp\/wp-json\/wp\/v2\/product_brand?post=733"},{"taxonomy":"product_cat","embeddable":true,"href":"https:\/\/www.foshfoodathome.com\/wp\/wp-json\/wp\/v2\/product_cat?post=733"},{"taxonomy":"product_tag","embeddable":true,"href":"https:\/\/www.foshfoodathome.com\/wp\/wp-json\/wp\/v2\/product_tag?post=733"}],"curies":[{"name":"wp","href":"https:\/\/api.w.org\/{rel}","templated":true}]}}