{"id":752,"date":"2020-09-07T14:15:25","date_gmt":"2020-09-07T14:15:25","guid":{"rendered":"https:\/\/www.foshfoodathome.com\/wp\/?post_type=product&#038;p=752"},"modified":"2025-11-20T10:14:34","modified_gmt":"2025-11-20T10:14:34","slug":"moroccan-spiced-iberian-pork-meatballs-with-pumpkin-chick-peas","status":"publish","type":"product","link":"https:\/\/www.foshfoodathome.com\/wp\/product\/moroccan-spiced-iberian-pork-meatballs-with-pumpkin-chick-peas\/?lang=es","title":{"rendered":"Alb\u00f3ndigas de cerdo ib\u00e9rico con especias Marroqu\u00edes, calabaza y garbanzos \u00b7 Para 2 personas"},"content":{"rendered":"","protected":false},"excerpt":{"rendered":"<p>Alb\u00f3ndigas reconfortantes al estilo espa\u00f1ol en una salsa de tomate ricamente condimentada con calabaza y garbanzos\u2026<\/p>\n<p \u00a1Absolutamente delicioso!<\/p>\n<h3>Ingredientes:<\/h3>\n<p>paleta de cerdo picada, semillas de comino, almendras molidas, dientes de ajo, perejil, aceite de oliva, cebolla, dientes de ajo, guindilla roja, jengibre, comino molido, piment\u00f3n, semillas de hinojo, an\u00eds estrellado, azafr\u00e1n, calabaza, tomates, pelados, pasta harissa, caldo de pollo (caldo) garbanzos, cilantro fresco, sal marina y pimienta negra reci\u00e9n molida<\/p>\n<p><\/p>\n<h3>Almacenamiento:<\/h3>\n<p>Conservar en el frigor\u00edfico y consumir en los 2-3 d\u00edas posteriores a la fecha de entrega. Una vez abierto consumir en 2 d\u00edas.<\/p>\n","protected":false},"featured_media":689,"template":"","meta":{"_acf_changed":false},"product_brand":[],"product_cat":[22],"product_tag":[],"class_list":{"0":"post-752","1":"product","2":"type-product","3":"status-publish","4":"has-post-thumbnail","6":"product_cat-menu","8":"first","9":"instock","10":"shipping-taxable","11":"purchasable","12":"product-type-simple"},"acf":[],"_links":{"self":[{"href":"https:\/\/www.foshfoodathome.com\/wp\/wp-json\/wp\/v2\/product\/752","targetHints":{"allow":["GET"]}}],"collection":[{"href":"https:\/\/www.foshfoodathome.com\/wp\/wp-json\/wp\/v2\/product"}],"about":[{"href":"https:\/\/www.foshfoodathome.com\/wp\/wp-json\/wp\/v2\/types\/product"}],"wp:featuredmedia":[{"embeddable":true,"href":"https:\/\/www.foshfoodathome.com\/wp\/wp-json\/wp\/v2\/media\/689"}],"wp:attachment":[{"href":"https:\/\/www.foshfoodathome.com\/wp\/wp-json\/wp\/v2\/media?parent=752"}],"wp:term":[{"taxonomy":"product_brand","embeddable":true,"href":"https:\/\/www.foshfoodathome.com\/wp\/wp-json\/wp\/v2\/product_brand?post=752"},{"taxonomy":"product_cat","embeddable":true,"href":"https:\/\/www.foshfoodathome.com\/wp\/wp-json\/wp\/v2\/product_cat?post=752"},{"taxonomy":"product_tag","embeddable":true,"href":"https:\/\/www.foshfoodathome.com\/wp\/wp-json\/wp\/v2\/product_tag?post=752"}],"curies":[{"name":"wp","href":"https:\/\/api.w.org\/{rel}","templated":true}]}}